{"id":87,"date":"2022-02-02T22:09:14","date_gmt":"2022-02-02T21:09:14","guid":{"rendered":"https:\/\/barjo-et-cie.be\/?page_id=87"},"modified":"2025-09-04T22:31:05","modified_gmt":"2025-09-04T20:31:05","slug":"tournees","status":"publish","type":"page","link":"https:\/\/barjo-et-cie.be\/index.php\/tournees\/","title":{"rendered":"TOURNEES"},"content":{"rendered":"\n<h2 class=\"wp-block-heading has-white-color has-text-color has-extra-large-font-size\" id=\"tournee\" style=\"text-transform:capitalize\"><strong>Tourn\u00e9es<\/strong><\/h2>\n\n\n\n<figure class=\"wp-block-gallery alignfull has-nested-images columns-default is-cropped has-black-background-color has-background wp-block-gallery-1 is-layout-flex wp-block-gallery-is-layout-flex\">\n<figure class=\"wp-block-image size-large\"><img loading=\"lazy\" decoding=\"async\" width=\"1024\" height=\"682\" data-id=\"99\" src=\"http:\/\/barjo-et-cie.be\/wp-content\/uploads\/2022\/02\/Baslespattes-Fabrique-Stephen-Vincke-18-1024x682.jpg\" alt=\"\" class=\"wp-image-99\" srcset=\"https:\/\/barjo-et-cie.be\/wp-content\/uploads\/2022\/02\/Baslespattes-Fabrique-Stephen-Vincke-18-1024x682.jpg 1024w, https:\/\/barjo-et-cie.be\/wp-content\/uploads\/2022\/02\/Baslespattes-Fabrique-Stephen-Vincke-18-300x200.jpg 300w, https:\/\/barjo-et-cie.be\/wp-content\/uploads\/2022\/02\/Baslespattes-Fabrique-Stephen-Vincke-18-768x512.jpg 768w, https:\/\/barjo-et-cie.be\/wp-content\/uploads\/2022\/02\/Baslespattes-Fabrique-Stephen-Vincke-18-1536x1024.jpg 1536w, https:\/\/barjo-et-cie.be\/wp-content\/uploads\/2022\/02\/Baslespattes-Fabrique-Stephen-Vincke-18.jpg 1772w\" sizes=\"auto, (max-width: 1024px) 100vw, 1024px\" \/><figcaption class=\"wp-element-caption\">credit photo A.L.<\/figcaption><\/figure>\n\n\n\n<figure class=\"wp-block-image size-large\"><img loading=\"lazy\" decoding=\"async\" width=\"1024\" height=\"682\" data-id=\"78\" src=\"http:\/\/barjo-et-cie.be\/wp-content\/uploads\/2022\/02\/pschitt-2-1024x682.jpg\" alt=\"\" class=\"wp-image-78\" srcset=\"https:\/\/barjo-et-cie.be\/wp-content\/uploads\/2022\/02\/pschitt-2-1024x682.jpg 1024w, https:\/\/barjo-et-cie.be\/wp-content\/uploads\/2022\/02\/pschitt-2-300x200.jpg 300w, https:\/\/barjo-et-cie.be\/wp-content\/uploads\/2022\/02\/pschitt-2-768x511.jpg 768w, https:\/\/barjo-et-cie.be\/wp-content\/uploads\/2022\/02\/pschitt-2-1536x1022.jpg 1536w, https:\/\/barjo-et-cie.be\/wp-content\/uploads\/2022\/02\/pschitt-2-2048x1363.jpg 2048w\" sizes=\"auto, (max-width: 1024px) 100vw, 1024px\" \/><figcaption class=\"wp-element-caption\">credit photo A.L.<\/figcaption><\/figure>\n\n\n\n<figure class=\"wp-block-image size-large\"><img loading=\"lazy\" decoding=\"async\" width=\"1024\" height=\"683\" data-id=\"101\" src=\"http:\/\/barjo-et-cie.be\/wp-content\/uploads\/2022\/02\/P2172353-1024x683.jpg\" alt=\"\" class=\"wp-image-101\" srcset=\"https:\/\/barjo-et-cie.be\/wp-content\/uploads\/2022\/02\/P2172353-1024x683.jpg 1024w, https:\/\/barjo-et-cie.be\/wp-content\/uploads\/2022\/02\/P2172353-300x200.jpg 300w, https:\/\/barjo-et-cie.be\/wp-content\/uploads\/2022\/02\/P2172353-768x512.jpg 768w, https:\/\/barjo-et-cie.be\/wp-content\/uploads\/2022\/02\/P2172353-1536x1024.jpg 1536w, https:\/\/barjo-et-cie.be\/wp-content\/uploads\/2022\/02\/P2172353-2048x1365.jpg 2048w\" sizes=\"auto, (max-width: 1024px) 100vw, 1024px\" \/><figcaption class=\"wp-element-caption\">credit photo Pierre Delcourt<\/figcaption><\/figure>\n<\/figure>\n\n\n\n<h2 class=\"wp-block-heading has-text-align-right has-white-color has-text-color has-extra-large-font-size\" id=\"tournee\" style=\"text-transform:capitalize\"><strong>2024<\/strong><\/h2>\n\n\n\n<ul class=\"wp-block-list\">\n<li class=\"has-white-color has-text-color has-link-color wp-elements-371ced11168e1fcb64792064180467e3\">F\u00e9vrier 14&nbsp;&nbsp;<strong><em>Bas les Pattes<\/em><\/strong>&nbsp;Charleroi Danse \u2013 Eden Th\u00e9\u00e2tre, Charleroi (tout public 15h)<\/li>\n\n\n\n<li class=\"has-white-color has-text-color has-link-color wp-elements-cd13bc6c8afc79c2b4d3196afe26fb09\">F\u00e9vrier 15&nbsp;<strong><em>Bas les Pattes<\/em><\/strong>&nbsp;Charleroi Danse \u2013 Eden Th\u00e9\u00e2tre, Charleroi (scolaire 10h et 13h30)<\/li>\n\n\n\n<li class=\"has-white-color has-text-color has-link-color wp-elements-38ef330c352e917aed7028735cef95f3\">F\u00e9vrier 16&nbsp;<strong><em>Bas les Pattes<\/em><\/strong>&nbsp;Charleroi Danse \u2013 Eden Th\u00e9\u00e2tre, Charleroi (scolaire 10h et 13h30)<\/li>\n\n\n\n<li class=\"has-white-color has-text-color has-link-color wp-elements-eea0d26f68a5935a0de98a3774266eba\">F\u00e9vrier 17&nbsp;<strong><em>Bas les Pattes<\/em><\/strong>&nbsp;Charleroi Danse \u2013 Eden Th\u00e9\u00e2tre, Charleroi (tout public 15h)<\/li>\n\n\n\n<li class=\"has-white-color has-text-color has-link-color wp-elements-3e6a2d51e4cd4d2d98ba7d40033c12a8\">Avril 28&nbsp;<strong><em>Bas les Pattes<\/em><\/strong>&nbsp;Petit Th\u00e9\u00e2tre Mercelis, Ixelles (tout public 15h, r\u00e9servation : +32 2 515 64 64 ou&nbsp;<a href=\"mailto:culture@ixelles.brussels\">culture@ixelles.brussels<\/a>)<\/li>\n\n\n\n<li class=\"has-white-color has-text-color has-link-color wp-elements-bfacd05db7e4cd34ce23b2295c6b06e7\"><s>Juin 20&nbsp;<strong><em>Bas les Pattes<\/em><\/strong>&nbsp;Festival Sauterelles, Soignies (tout public, 11h)<\/s>&nbsp;Annul\u00e9<\/li>\n\n\n\n<li class=\"has-white-color has-text-color has-link-color wp-elements-d8f39b9b3bf60c296b5099521cbe20f9\">Juillet 7&nbsp;<strong><em>Bas les Pattes<\/em><\/strong>, Festival Operaestate, Bassano del Grappa, Italie.<\/li>\n<\/ul>\n\n\n\n<hr class=\"wp-block-separator has-text-color has-white-color has-alpha-channel-opacity has-white-background-color has-background is-style-default\"\/>\n\n\n\n<h2 class=\"wp-block-heading has-text-align-right has-white-color has-text-color has-extra-large-font-size\" id=\"tournee\" style=\"text-transform:capitalize\"><strong>2023<\/strong><\/h2>\n\n\n\n<ul class=\"wp-block-list\">\n<li class=\"has-white-color has-text-color has-link-color wp-elements-439cd3c9c7b226a0888b4395039c5710\">D\u00e9cembre 7&nbsp;<strong><em>Bas les Pattes<\/em><\/strong>&nbsp;Cot\u00e9 Cours, Damparis, France (scolaire 10h)<\/li>\n\n\n\n<li class=\"has-white-color has-text-color has-link-color wp-elements-6a110593f576e6b3bde548b2a44f51cb\">D\u00e9cembre 8&nbsp;<strong><em>Bas les Pattes<\/em><\/strong>&nbsp;C\u00f4t\u00e9 Cours, Salins-Les-Bains, France (scolaire 14h)<\/li>\n\n\n\n<li class=\"has-white-color has-text-color has-link-color wp-elements-794e81b7edb66e2785619a913c8d4c0f\">D\u00e9cembre 10&nbsp;<strong><em>Bas les Pattes<\/em><\/strong>&nbsp;C\u00f4t\u00e9 Cours, Pouilley-Les-Vignes, France (tout public 17h)<\/li>\n\n\n\n<li class=\"has-white-color has-text-color has-link-color wp-elements-e60f2c39da1faa6a2edd8a8a60d9950c\">D\u00e9cembre 12&nbsp;<strong><em>Bas les Pattes<\/em><\/strong>&nbsp;C\u00f4t\u00e9 Cours, Morteau, France (scolaire 10h et 14h)<\/li>\n\n\n\n<li class=\"has-white-color has-text-color has-link-color wp-elements-6b3808ee56009abe22245cd343ad7b1e\">D\u00e9cembre 14&nbsp;<strong><em>Bas les Pattes<\/em><\/strong>&nbsp;C\u00f4t\u00e9 Cours, Lure, France (scolaire 10h et 14h)<\/li>\n\n\n\n<li class=\"has-white-color has-text-color has-link-color wp-elements-3c287fbe03ce991097ff6707f274f96e\">D\u00e9cembre 15&nbsp;<strong><em>Bas les Pattes<\/em><\/strong>&nbsp;C\u00f4t\u00e9 Cours, Luxeuil, France (scolaire 14h)<\/li>\n<\/ul>\n\n\n\n<hr class=\"wp-block-separator has-text-color has-white-color has-alpha-channel-opacity has-white-background-color has-background\"\/>\n\n\n\n<h2 class=\"wp-block-heading has-text-align-right has-white-color has-text-color has-extra-large-font-size\" id=\"tournee\" style=\"text-transform:capitalize\"><strong>2022<\/strong><\/h2>\n\n\n\n<ul class=\"wp-block-list\">\n<li class=\"has-white-color has-text-color has-link-color wp-elements-35a54b5066d8eb64707ed37a26613219\">F\u00e9vrier 10&nbsp;<strong><em>Bas les Pattes<\/em><\/strong>&nbsp;Maison de la cr\u00e9ation Bockstael, Bruxelles<\/li>\n\n\n\n<li class=\"has-white-color has-text-color has-link-color wp-elements-ebe7ebded5b1844cac9a331c6b9b1f2b\">Mars 11 au 18&nbsp;<strong><em>Bas les Pattes<\/em><\/strong>&nbsp;Canaria Arte Escenicas Festival, Espagne :\n<ul class=\"wp-block-list\">\n<li class=\"has-white-color has-text-color has-link-color wp-elements-ae6697461c51e662c9f5cb4333890e08\">17 et 18 mars Gran Canaria<\/li>\n\n\n\n<li class=\"has-white-color has-text-color has-link-color wp-elements-db9d5739da9387c884f7af5cad3efa91\">15 et 16 mars Tenerife<\/li>\n\n\n\n<li class=\"has-white-color has-text-color has-link-color wp-elements-08242748bc7bc3dcccab7cc00163cdd1\">14 mars Lanzarote<\/li>\n\n\n\n<li class=\"has-white-color has-text-color has-link-color wp-elements-e078bdf5b38e426db847af01e8cab45d\">11 mars Fuerteventura<\/li>\n<\/ul>\n<\/li>\n\n\n\n<li class=\"has-white-color has-text-color has-link-color wp-elements-6601373d2eebca39cd1bcaab7d4d6f8c\">Avril 01&nbsp;<strong><em>Bas les Pattes<\/em><\/strong>&nbsp;Frameries<\/li>\n\n\n\n<li class=\"has-white-color has-text-color has-link-color wp-elements-c85bc110f11e58cf5c327386b82e245a\">Avril 24\/25\/26&nbsp;<em><strong>Bas les Pattes<\/strong><\/em>&nbsp;Centre Culturel de Rixensart<\/li>\n\n\n\n<li class=\"has-white-color has-text-color has-link-color wp-elements-972b3364f07901bee15d1c18b5602b66\">Ao\u00fbt 23\/24&nbsp;<em><strong>Bas les Pattes<\/strong><\/em>&nbsp;Rencontres th\u00e9\u00e2tre jeune public de Huy, \u00e9cole normale<\/li>\n\n\n\n<li class=\"has-white-color has-text-color has-link-color wp-elements-4f0a7ff2f799cb77adefda4a4de6f11f\">Septembre 30&nbsp;<strong><em>Bas les Pattes<\/em><\/strong>&nbsp;La V\u00e9nerie, centre culturel de Watermael-Boitsfort (scolaire \u00e0 10h00)<\/li>\n\n\n\n<li class=\"has-white-color has-text-color has-link-color wp-elements-22270c89f9421e53bf065d1d7e9d1adc\">Octobre 01&nbsp;<strong><em>Bas les Pattes<\/em><\/strong>&nbsp;La V\u00e9nerie, centre culturel de Watermael-Boitsfort \u00e0 16h00<\/li>\n\n\n\n<li class=\"has-white-color has-text-color has-link-color wp-elements-f56674f2c3e59ffa5ce4f97560df2be9\">D\u00e9cembre 29&nbsp;<strong><em>Bas les Pattes<\/em><\/strong>&nbsp;Festival No\u00ebl au th\u00e9\u00e2tre, la Montagne Magique, Bruxelles \u00e0 10h00 et 16h00<\/li>\n<\/ul>\n\n\n\n<hr class=\"wp-block-separator has-text-color has-white-color has-alpha-channel-opacity has-white-background-color has-background\"\/>\n\n\n\n<h2 class=\"wp-block-heading has-text-align-right has-white-color has-text-color has-extra-large-font-size\" id=\"tournee\" style=\"text-transform:capitalize\"><strong>2021<\/strong><\/h2>\n\n\n\n<ul class=\"wp-block-list has-white-color has-text-color has-link-color wp-elements-1f8aca747a42811322ac6d49035173d7\">\n<li>Ao\u00fbt&nbsp;<strong><em>Bas les Pattes<\/em><\/strong>&nbsp;Tout petit Festival, Leuven<\/li>\n\n\n\n<li>Avril&nbsp;<strong><em>Bas les Pattes<\/em><\/strong>&nbsp;Mini D Festival, Maison de la cr\u00e9ation Bockstael, Bruxelles<\/li>\n<\/ul>\n\n\n\n<p><\/p>\n","protected":false},"excerpt":{"rendered":"<p>Tourn\u00e9es 2024 2023 2022 2021<\/p>\n","protected":false},"author":2,"featured_media":0,"parent":0,"menu_order":0,"comment_status":"closed","ping_status":"closed","template":"","meta":{"footnotes":""},"class_list":["post-87","page","type-page","status-publish","hentry","entry"],"_links":{"self":[{"href":"https:\/\/barjo-et-cie.be\/index.php\/wp-json\/wp\/v2\/pages\/87","targetHints":{"allow":["GET"]}}],"collection":[{"href":"https:\/\/barjo-et-cie.be\/index.php\/wp-json\/wp\/v2\/pages"}],"about":[{"href":"https:\/\/barjo-et-cie.be\/index.php\/wp-json\/wp\/v2\/types\/page"}],"author":[{"embeddable":true,"href":"https:\/\/barjo-et-cie.be\/index.php\/wp-json\/wp\/v2\/users\/2"}],"replies":[{"embeddable":true,"href":"https:\/\/barjo-et-cie.be\/index.php\/wp-json\/wp\/v2\/comments?post=87"}],"version-history":[{"count":36,"href":"https:\/\/barjo-et-cie.be\/index.php\/wp-json\/wp\/v2\/pages\/87\/revisions"}],"predecessor-version":[{"id":772,"href":"https:\/\/barjo-et-cie.be\/index.php\/wp-json\/wp\/v2\/pages\/87\/revisions\/772"}],"wp:attachment":[{"href":"https:\/\/barjo-et-cie.be\/index.php\/wp-json\/wp\/v2\/media?parent=87"}],"curies":[{"name":"wp","href":"https:\/\/api.w.org\/{rel}","templated":true}]}}